{"id":9896,"date":"2022-09-07T10:53:05","date_gmt":"2022-09-07T08:53:05","guid":{"rendered":"https:\/\/www.ayonicgym.com\/?post_type=product&#038;p=9896"},"modified":"2022-09-13T14:49:22","modified_gmt":"2022-09-13T12:49:22","slug":"x-change-maenner-fitness-shirts","status":"publish","type":"product","link":"https:\/\/www.ayonicgym.com\/en\/produkt\/x-change-maenner-fitness-shirts\/","title":{"rendered":"X-Change T-Shirt &#8211; Mint Gr\u00fcn"},"content":{"rendered":"<div class=\"tab-panels\">\n<div id=\"tab-description\" class=\"woocommerce-Tabs-panel woocommerce-Tabs-panel--description panel entry-content active\" role=\"tabpanel\" aria-labelledby=\"tab-title-description\">\n<h1 class=\"thin-font\"><span style=\"font-family: Arimo; font-size: 75%;\"><strong>AYONIC GYM X-CHANGE T-SHIRT<\/strong><\/span><\/h1>\n<p><span style=\"color: #000000; font-size: 90%;\">M\u00e4nner Fitness Shirts m\u00fcssen den extremsten Situationen standhalten. Hierzu geh\u00f6rt eine effiziente Luftzirkulation sowie eine optimale Dehnbarkeit und Rei\u00dffestigkeit w\u00e4hrend der Durchf\u00fchrung hochintensiver Workouts. Mit dem X-Change Sport T-Shirt erh\u00e4lst du genau diese Vorteile und gleichzeitig den ultimativen Style.<br \/>\n<\/span><\/p>\n<ul>\n<li><span style=\"color: #000000; font-size: 90%;\">M\u00e4nner Fitness Shirts &#8211; Passform: Das X-Change Fitness Shirt ist breiter, dennoch k\u00f6rperbetont geschnitten, umso eine maximale Bewegungsfreiheit bei gleichzeitigem coolen Look zu erm\u00f6glichen.<br \/>\n<\/span><\/li>\n<li><span style=\"color: #000000; font-size: 90%;\">Bewegungsfreiheit: Unser innovatives Material und der besondere Schnitt unseres Sport T-Shirts erm\u00f6glicht dir uneingeschr\u00e4nkte Bewegungsfreiheit in deinem Workout.<\/span><\/li>\n<li><span style=\"color: #000000; font-size: 90%;\">Funktionalit\u00e4t: Das Fitness Shirt bietet eine hohe dehnbarkeit und besteht aus einem schnell trocknenden Material.<br \/>\n<\/span><\/li>\n<li><span style=\"color: #000000; font-size: 90%;\">Material: 95% Baumwolle und 5% Elastan<\/span><\/li>\n<li><span style=\"color: #000000; font-size: 90%;\">Farbe: Mint Gr\u00fcn<br \/>\n<\/span><\/li>\n<li><span style=\"color: #000000; font-size: 90%;\">Rundhals-Ausschnitt<\/span><\/li>\n<li><span style=\"color: #000000; font-size: 90%;\">Arml\u00e4nge: Viertelarm<\/span><\/li>\n<li><span style=\"color: #000000; font-size: 90%;\">Logo: Gedruckt<\/span><\/li>\n<li><span style=\"color: #000000; font-size: 90%;\">Artikel-Nr. AYG48390508<\/span><\/li>\n<\/ul>\n<\/div>\n<\/div>\n","protected":false},"excerpt":{"rendered":"<p>AYONIC GYM X-CHANGE T-SHIRT M\u00e4nner Fitness Shirts m\u00fcssen den extremsten Situationen standhalten. Hierzu geh\u00f6rt eine effiziente Luftzirkulation sowie eine optimale Dehnbarkeit und Rei\u00dffestigkeit w\u00e4hrend der Durchf\u00fchrung hochintensiver Workouts. Mit dem X-Change Sport T-Shirt erh\u00e4lst du genau diese Vorteile und gleichzeitig den ultimativen Style. M\u00e4nner Fitness Shirts &#8211; Passform: Das X-Change Fitness Shirt ist breiter, dennoch [&#8230;]\n","protected":false},"featured_media":9901,"template":"","meta":[],"product_brand":[],"product_cat":[186],"product_tag":[],"class_list":{"0":"post-9896","1":"product","2":"type-product","3":"status-publish","4":"has-post-thumbnail","6":"product_cat-sport-shirts","7":"pa_groessen-s","8":"pa_groessen-m","9":"pa_groessen-l","10":"pa_groessen-xl","12":"first","13":"outofstock","14":"sale","15":"taxable","16":"shipping-taxable","17":"purchasable","18":"product-type-variable"},"_links":{"self":[{"href":"https:\/\/www.ayonicgym.com\/en\/wp-json\/wp\/v2\/product\/9896","targetHints":{"allow":["GET"]}}],"collection":[{"href":"https:\/\/www.ayonicgym.com\/en\/wp-json\/wp\/v2\/product"}],"about":[{"href":"https:\/\/www.ayonicgym.com\/en\/wp-json\/wp\/v2\/types\/product"}],"wp:featuredmedia":[{"embeddable":true,"href":"https:\/\/www.ayonicgym.com\/en\/wp-json\/wp\/v2\/media\/9901"}],"wp:attachment":[{"href":"https:\/\/www.ayonicgym.com\/en\/wp-json\/wp\/v2\/media?parent=9896"}],"wp:term":[{"taxonomy":"product_brand","embeddable":true,"href":"https:\/\/www.ayonicgym.com\/en\/wp-json\/wp\/v2\/product_brand?post=9896"},{"taxonomy":"product_cat","embeddable":true,"href":"https:\/\/www.ayonicgym.com\/en\/wp-json\/wp\/v2\/product_cat?post=9896"},{"taxonomy":"product_tag","embeddable":true,"href":"https:\/\/www.ayonicgym.com\/en\/wp-json\/wp\/v2\/product_tag?post=9896"}],"curies":[{"name":"wp","href":"https:\/\/api.w.org\/{rel}","templated":true}]}}