{"id":8883,"date":"2022-09-07T17:56:21","date_gmt":"2022-09-07T15:56:21","guid":{"rendered":"https:\/\/www.ayonicgym.com\/?post_type=product&#038;p=8883"},"modified":"2024-04-04T16:52:02","modified_gmt":"2024-04-04T14:52:02","slug":"ayonic-gym-core-elemental-short-schwarz","status":"publish","type":"product","link":"https:\/\/www.ayonicgym.com\/en\/produkt\/ayonic-gym-core-elemental-short-schwarz\/","title":{"rendered":"Core Elemental Short"},"content":{"rendered":"<h1 class=\"thin-font\"><strong><span style=\"font-family: Arimo; font-size: 75%;\">AYONIC GYM CORE ELEMENTAL SHORT<\/span><\/strong><\/h1>\n<p><span style=\"color: #000000; font-size: 90%;\">Egal, ob Indoor oder Outdoor, die Gym Shorts von AYONIC GYM bieten dir uneingeschr\u00e4nkte Bewegungsfreiheit und den coolen Style, um dich voll in deinem Workout zu entfalten. Das innovative Material der Herren Sport Shorts ist au\u00dferordentlich elastisch, sodass es dir auch bei komplexen \u00dcbungen immernoch die Freiheit gew\u00e4hrt, um alle deine \u00dcbungen sorgf\u00e4ltig durchf\u00fchren zu k\u00f6nnen. Das sportliche Design unserer Gym Shorts ist aufgrund ihres exklusiven Styles auch alltagstauglich und l\u00e4sst dich scheinen wohin du auch gehst.<\/span><\/p>\n<ul>\n<li><span style=\"color: #000000; font-size: 90%;\">Material: 95% Baumwolle und 5% Elastan<\/span><\/li>\n<li><span style=\"color: #000000; font-size: 90%;\">Farbe: Schwarz<\/span><\/li>\n<li><span style=\"color: #000000; font-size: 90%;\">Logo: Gedruckt<\/span><\/li>\n<li><span style=\"color: #000000; font-size: 90%;\">Schlitze am Saum<\/span><\/li>\n<li><span style=\"color: #000000; font-size: 90%;\">Seitentaschen<\/span><\/li>\n<li><span style=\"color: #000000; font-size: 90%;\">Elastischer Bund und Kordelzug<\/span><\/li>\n<li><span style=\"color: #000000; font-size: 90%;\">Ges\u00e4\u00dftasche<\/span><\/li>\n<li><span style=\"color: #000000; font-size: 90%;\">Artikel-Nr. AYG48390488<\/span><\/li>\n<\/ul>\n","protected":false},"excerpt":{"rendered":"<p>AYONIC GYM CORE ELEMENTAL SHORT Egal, ob Indoor oder Outdoor, die Gym Shorts von AYONIC GYM bieten dir uneingeschr\u00e4nkte Bewegungsfreiheit und den coolen Style, um dich voll in deinem Workout zu entfalten. Das innovative Material der Herren Sport Shorts ist au\u00dferordentlich elastisch, sodass es dir auch bei komplexen \u00dcbungen immernoch die Freiheit gew\u00e4hrt, um alle [&#8230;]\n","protected":false},"featured_media":9515,"template":"","meta":[],"product_brand":[],"product_cat":[190],"product_tag":[],"class_list":{"0":"post-8883","1":"product","2":"type-product","3":"status-publish","4":"has-post-thumbnail","6":"product_cat-sport-shorts","7":"pa_groessen-s","8":"pa_groessen-m","9":"pa_groessen-l","10":"pa_groessen-xl","12":"first","13":"instock","14":"sale","15":"taxable","16":"shipping-taxable","17":"purchasable","18":"product-type-variable"},"_links":{"self":[{"href":"https:\/\/www.ayonicgym.com\/en\/wp-json\/wp\/v2\/product\/8883","targetHints":{"allow":["GET"]}}],"collection":[{"href":"https:\/\/www.ayonicgym.com\/en\/wp-json\/wp\/v2\/product"}],"about":[{"href":"https:\/\/www.ayonicgym.com\/en\/wp-json\/wp\/v2\/types\/product"}],"wp:featuredmedia":[{"embeddable":true,"href":"https:\/\/www.ayonicgym.com\/en\/wp-json\/wp\/v2\/media\/9515"}],"wp:attachment":[{"href":"https:\/\/www.ayonicgym.com\/en\/wp-json\/wp\/v2\/media?parent=8883"}],"wp:term":[{"taxonomy":"product_brand","embeddable":true,"href":"https:\/\/www.ayonicgym.com\/en\/wp-json\/wp\/v2\/product_brand?post=8883"},{"taxonomy":"product_cat","embeddable":true,"href":"https:\/\/www.ayonicgym.com\/en\/wp-json\/wp\/v2\/product_cat?post=8883"},{"taxonomy":"product_tag","embeddable":true,"href":"https:\/\/www.ayonicgym.com\/en\/wp-json\/wp\/v2\/product_tag?post=8883"}],"curies":[{"name":"wp","href":"https:\/\/api.w.org\/{rel}","templated":true}]}}